{"id":23,"date":"2014-11-19T20:11:16","date_gmt":"2014-11-19T20:11:16","guid":{"rendered":"http:\/\/www.colegiopaulalcoy.com\/orientacion\/?page_id=23"},"modified":"2015-01-31T15:34:14","modified_gmt":"2015-01-31T15:34:14","slug":"aprender-a-aprender","status":"publish","type":"page","link":"https:\/\/www.colegiopaulalcoy.com\/orientacion\/?page_id=23","title":{"rendered":"Aprender a aprender"},"content":{"rendered":"<p>Consideramos esta competencia uno de los ejes fundamentales para mejorar el rendimiento acad\u00e9mico del alumnado a todos los niveles.<\/p>\n<p>Se trabaja en el DO desde todos los servicios, a trav\u00e9s de material manipulable, recursos, juegos y aplicaciones interactivas, juegos de mesa, etc.<\/p>\n<p>La finalidad es conseguir la m\u00e1xima autonom\u00eda del alumnado en su proceso de ense\u00f1anza aprendizaje y estimular su motivaci\u00f3n.<\/p>\n<p>&nbsp;<\/p>\n<blockquote><p>\u00abDime y lo olvido, ens\u00e9\u00f1ame y lo recuerdo, invol\u00facrame y lo aprendo\u00bb. Benjamin Franklin.<\/p><\/blockquote>\n","protected":false},"excerpt":{"rendered":"<p>Consideramos esta competencia uno de los ejes fundamentales para mejorar el rendimiento acad\u00e9mico del alumnado a todos los niveles. Se trabaja en el DO desde todos los servicios, a trav\u00e9s de material manipulable, recursos, juegos y aplicaciones interactivas, juegos de &hellip; <a href=\"https:\/\/www.colegiopaulalcoy.com\/orientacion\/?page_id=23\">Continue reading <span class=\"meta-nav\">&rarr;<\/span><\/a><\/p>\n","protected":false},"author":1,"featured_media":0,"parent":0,"menu_order":3,"comment_status":"closed","ping_status":"open","template":"","meta":{"footnotes":""},"class_list":["post-23","page","type-page","status-publish","hentry"],"_links":{"self":[{"href":"https:\/\/www.colegiopaulalcoy.com\/orientacion\/index.php?rest_route=\/wp\/v2\/pages\/23","targetHints":{"allow":["GET"]}}],"collection":[{"href":"https:\/\/www.colegiopaulalcoy.com\/orientacion\/index.php?rest_route=\/wp\/v2\/pages"}],"about":[{"href":"https:\/\/www.colegiopaulalcoy.com\/orientacion\/index.php?rest_route=\/wp\/v2\/types\/page"}],"author":[{"embeddable":true,"href":"https:\/\/www.colegiopaulalcoy.com\/orientacion\/index.php?rest_route=\/wp\/v2\/users\/1"}],"replies":[{"embeddable":true,"href":"https:\/\/www.colegiopaulalcoy.com\/orientacion\/index.php?rest_route=%2Fwp%2Fv2%2Fcomments&post=23"}],"version-history":[{"count":4,"href":"https:\/\/www.colegiopaulalcoy.com\/orientacion\/index.php?rest_route=\/wp\/v2\/pages\/23\/revisions"}],"predecessor-version":[{"id":111,"href":"https:\/\/www.colegiopaulalcoy.com\/orientacion\/index.php?rest_route=\/wp\/v2\/pages\/23\/revisions\/111"}],"wp:attachment":[{"href":"https:\/\/www.colegiopaulalcoy.com\/orientacion\/index.php?rest_route=%2Fwp%2Fv2%2Fmedia&parent=23"}],"curies":[{"name":"wp","href":"https:\/\/api.w.org\/{rel}","templated":true}]}}