{"id":25,"date":"2014-11-19T20:13:22","date_gmt":"2014-11-19T20:13:22","guid":{"rendered":"http:\/\/www.colegiopaulalcoy.com\/orientacion\/?page_id=25"},"modified":"2015-01-31T15:37:05","modified_gmt":"2015-01-31T15:37:05","slug":"en-casa","status":"publish","type":"page","link":"https:\/\/www.colegiopaulalcoy.com\/orientacion\/?page_id=25","title":{"rendered":"En casa&#8230;"},"content":{"rendered":"<p>No hay recetas m\u00e1gicas pero iremos compartiendo con vosotros orientaciones, pautas, peque\u00f1os consejos, que os pueden ayudar con la educaci\u00f3n de vuestros hijos.<\/p>\n<p>Es imprescindible que la familia y el colegio caminemos en la misma direcci\u00f3n pese a las dificultades que cada edad puede presentar.<\/p>\n<p>&nbsp;<\/p>\n<blockquote><p>\u00abEl principio de la educaci\u00f3n es predicar con el ejemplo\u00bb. Turgot.<\/p><\/blockquote>\n<p>&nbsp;<\/p>\n","protected":false},"excerpt":{"rendered":"<p>No hay recetas m\u00e1gicas pero iremos compartiendo con vosotros orientaciones, pautas, peque\u00f1os consejos, que os pueden ayudar con la educaci\u00f3n de vuestros hijos. Es imprescindible que la familia y el colegio caminemos en la misma direcci\u00f3n pese a las dificultades &hellip; <a href=\"https:\/\/www.colegiopaulalcoy.com\/orientacion\/?page_id=25\">Continue reading <span class=\"meta-nav\">&rarr;<\/span><\/a><\/p>\n","protected":false},"author":1,"featured_media":0,"parent":0,"menu_order":4,"comment_status":"closed","ping_status":"closed","template":"","meta":{"footnotes":""},"class_list":["post-25","page","type-page","status-publish","hentry"],"_links":{"self":[{"href":"https:\/\/www.colegiopaulalcoy.com\/orientacion\/index.php?rest_route=\/wp\/v2\/pages\/25","targetHints":{"allow":["GET"]}}],"collection":[{"href":"https:\/\/www.colegiopaulalcoy.com\/orientacion\/index.php?rest_route=\/wp\/v2\/pages"}],"about":[{"href":"https:\/\/www.colegiopaulalcoy.com\/orientacion\/index.php?rest_route=\/wp\/v2\/types\/page"}],"author":[{"embeddable":true,"href":"https:\/\/www.colegiopaulalcoy.com\/orientacion\/index.php?rest_route=\/wp\/v2\/users\/1"}],"replies":[{"embeddable":true,"href":"https:\/\/www.colegiopaulalcoy.com\/orientacion\/index.php?rest_route=%2Fwp%2Fv2%2Fcomments&post=25"}],"version-history":[{"count":3,"href":"https:\/\/www.colegiopaulalcoy.com\/orientacion\/index.php?rest_route=\/wp\/v2\/pages\/25\/revisions"}],"predecessor-version":[{"id":112,"href":"https:\/\/www.colegiopaulalcoy.com\/orientacion\/index.php?rest_route=\/wp\/v2\/pages\/25\/revisions\/112"}],"wp:attachment":[{"href":"https:\/\/www.colegiopaulalcoy.com\/orientacion\/index.php?rest_route=%2Fwp%2Fv2%2Fmedia&parent=25"}],"curies":[{"name":"wp","href":"https:\/\/api.w.org\/{rel}","templated":true}]}}