{"id":30,"date":"2014-11-19T20:16:10","date_gmt":"2014-11-19T20:16:10","guid":{"rendered":"http:\/\/www.colegiopaulalcoy.com\/orientacion\/?page_id=30"},"modified":"2015-01-31T15:31:54","modified_gmt":"2015-01-31T15:31:54","slug":"cuenta-conmigo","status":"publish","type":"page","link":"https:\/\/www.colegiopaulalcoy.com\/orientacion\/?page_id=30","title":{"rendered":"\u00abCuenta conmigo\u00bb"},"content":{"rendered":"<p>Desde el DO te ofrecemos bibliograf\u00eda especializada en diversos temas que te pueden ayudar en el desarrollo integral del ni\u00f1o.<\/p>\n<p>A trav\u00e9s de cuentos, historias, juegos, canciones, se pueden abordar aspectos emocionales de forma sencilla\u00a0para acercarnos al ni\u00f1o y \u00a0ofrecerle herramientas que faciliten su autoconocimiento y potencien su autoestima.<\/p>\n<p>&nbsp;<\/p>\n<blockquote><p>\u00abLa ense\u00f1anza que deja huella no es la que se hace de cabeza a cabeza, sino de coraz\u00f3n a coraz\u00f3n\u00bb. Howard G. Hendriks.<\/p><\/blockquote>\n","protected":false},"excerpt":{"rendered":"<p>Desde el DO te ofrecemos bibliograf\u00eda especializada en diversos temas que te pueden ayudar en el desarrollo integral del ni\u00f1o. A trav\u00e9s de cuentos, historias, juegos, canciones, se pueden abordar aspectos emocionales de forma sencilla\u00a0para acercarnos al ni\u00f1o y \u00a0ofrecerle &hellip; <a href=\"https:\/\/www.colegiopaulalcoy.com\/orientacion\/?page_id=30\">Continue reading <span class=\"meta-nav\">&rarr;<\/span><\/a><\/p>\n","protected":false},"author":1,"featured_media":0,"parent":0,"menu_order":0,"comment_status":"closed","ping_status":"closed","template":"","meta":{"footnotes":""},"class_list":["post-30","page","type-page","status-publish","hentry"],"_links":{"self":[{"href":"https:\/\/www.colegiopaulalcoy.com\/orientacion\/index.php?rest_route=\/wp\/v2\/pages\/30","targetHints":{"allow":["GET"]}}],"collection":[{"href":"https:\/\/www.colegiopaulalcoy.com\/orientacion\/index.php?rest_route=\/wp\/v2\/pages"}],"about":[{"href":"https:\/\/www.colegiopaulalcoy.com\/orientacion\/index.php?rest_route=\/wp\/v2\/types\/page"}],"author":[{"embeddable":true,"href":"https:\/\/www.colegiopaulalcoy.com\/orientacion\/index.php?rest_route=\/wp\/v2\/users\/1"}],"replies":[{"embeddable":true,"href":"https:\/\/www.colegiopaulalcoy.com\/orientacion\/index.php?rest_route=%2Fwp%2Fv2%2Fcomments&post=30"}],"version-history":[{"count":3,"href":"https:\/\/www.colegiopaulalcoy.com\/orientacion\/index.php?rest_route=\/wp\/v2\/pages\/30\/revisions"}],"predecessor-version":[{"id":109,"href":"https:\/\/www.colegiopaulalcoy.com\/orientacion\/index.php?rest_route=\/wp\/v2\/pages\/30\/revisions\/109"}],"wp:attachment":[{"href":"https:\/\/www.colegiopaulalcoy.com\/orientacion\/index.php?rest_route=%2Fwp%2Fv2%2Fmedia&parent=30"}],"curies":[{"name":"wp","href":"https:\/\/api.w.org\/{rel}","templated":true}]}}